{"id":101,"date":"2026-03-07T23:22:07","date_gmt":"2026-03-07T22:22:07","guid":{"rendered":"https:\/\/danielavalentinasuarezmero.com\/?page_id=101"},"modified":"2026-03-08T06:17:22","modified_gmt":"2026-03-08T05:17:22","slug":"home","status":"publish","type":"page","link":"https:\/\/danielavalentinasuarezmero.com\/","title":{"rendered":"Inicio"},"content":{"rendered":"\t\t<div data-elementor-type=\"wp-page\" data-elementor-id=\"101\" class=\"elementor elementor-101\">\n\t\t\t\t<div class=\"elementor-element elementor-element-b0938cf e-flex e-con-boxed e-con e-parent\" data-id=\"b0938cf\" data-element_type=\"container\" data-e-type=\"container\">\n\t\t\t\t\t<div class=\"e-con-inner\">\n\t\t\t\t<div class=\"elementor-element elementor-element-333f836 elementor-widget elementor-widget-image\" data-id=\"333f836\" data-element_type=\"widget\" data-e-type=\"widget\" data-widget_type=\"image.default\">\n\t\t\t\t\t\t\t\t\t\t\t\t\t\t\t<img fetchpriority=\"high\" decoding=\"async\" width=\"760\" height=\"506\" src=\"http:\/\/danielavalentinasuarezmero.com\/wp-content\/uploads\/2026\/03\/WhatsApp-Image-2026-03-08-at-00.15.42.jpeg\" class=\"attachment-large size-large wp-image-294\" alt=\"\" \/>\t\t\t\t\t\t\t\t\t\t\t\t\t\t\t<\/div>\n\t\t\t\t\t<\/div>\n\t\t\t\t<\/div>\n\t\t<div class=\"elementor-element elementor-element-234fda6 e-flex e-con-boxed e-con e-parent\" data-id=\"234fda6\" data-element_type=\"container\" data-e-type=\"container\">\n\t\t\t\t\t<div class=\"e-con-inner\">\n\t\t\t\t<div class=\"elementor-element elementor-element-cd99c05 elementor-widget elementor-widget-spacer\" data-id=\"cd99c05\" data-element_type=\"widget\" data-e-type=\"widget\" data-widget_type=\"spacer.default\">\n\t\t\t\t\t\t\t<div class=\"elementor-spacer\">\n\t\t\t<div class=\"elementor-spacer-inner\"><\/div>\n\t\t<\/div>\n\t\t\t\t\t\t<\/div>\n\t\t\t\t\t<\/div>\n\t\t\t\t<\/div>\n\t\t<div class=\"elementor-element elementor-element-781d8f9 e-flex e-con-boxed e-con e-parent\" data-id=\"781d8f9\" data-element_type=\"container\" data-e-type=\"container\">\n\t\t\t\t\t<div class=\"e-con-inner\">\n\t\t<div class=\"elementor-element elementor-element-d54d90f e-con-full e-flex e-con e-child\" data-id=\"d54d90f\" data-element_type=\"container\" data-e-type=\"container\" data-settings=\"{&quot;background_background&quot;:&quot;classic&quot;}\">\n\t\t\t\t<div class=\"elementor-element elementor-element-884ca50 elementor-widget elementor-widget-heading\" data-id=\"884ca50\" data-element_type=\"widget\" data-e-type=\"widget\" data-widget_type=\"heading.default\">\n\t\t\t\t\t<h2 class=\"elementor-heading-title elementor-size-default\"><br><br><br><br>El entretenimiento ecuatoriano evoluciona con nosotros. Estamos presentes en <strong data-start=\"378\" data-end=\"421\">Facebook, Instagram, WhatsApp y YouTube<\/strong>, conectando con nuestra audiencia en cada plataforma.<br><br><br><\/h2>\t\t\t\t<\/div>\n\t\t\t\t<\/div>\n\t\t<div class=\"elementor-element elementor-element-6245441 e-con-full e-flex e-con e-child\" data-id=\"6245441\" data-element_type=\"container\" data-e-type=\"container\">\n\t\t\t\t<div class=\"elementor-element elementor-element-db83a43 elementor-widget elementor-widget-image\" data-id=\"db83a43\" data-element_type=\"widget\" data-e-type=\"widget\" data-widget_type=\"image.default\">\n\t\t\t\t\t\t\t\t\t\t\t\t\t\t\t<img decoding=\"async\" width=\"760\" height=\"760\" src=\"http:\/\/danielavalentinasuarezmero.com\/wp-content\/uploads\/2026\/03\/WhatsApp-Image-2026-03-07-at-16.06.50-1.jpeg\" class=\"attachment-large size-large wp-image-141\" alt=\"\" \/>\t\t\t\t\t\t\t\t\t\t\t\t\t\t\t<\/div>\n\t\t\t\t<\/div>\n\t\t\t\t\t<\/div>\n\t\t\t\t<\/div>\n\t\t<div class=\"elementor-element elementor-element-9cfb098 e-flex e-con-boxed e-con e-parent\" data-id=\"9cfb098\" data-element_type=\"container\" data-e-type=\"container\">\n\t\t\t\t\t<div class=\"e-con-inner\">\n\t\t\t\t<div class=\"elementor-element elementor-element-1131006 elementor-widget-divider--view-line elementor-widget elementor-widget-divider\" data-id=\"1131006\" data-element_type=\"widget\" data-e-type=\"widget\" data-widget_type=\"divider.default\">\n\t\t\t\t\t\t\t<div class=\"elementor-divider\">\n\t\t\t<span class=\"elementor-divider-separator\">\n\t\t\t\t\t\t<\/span>\n\t\t<\/div>\n\t\t\t\t\t\t<\/div>\n\t\t\t\t\t<\/div>\n\t\t\t\t<\/div>\n\t\t<div class=\"elementor-element elementor-element-cc402af e-flex e-con-boxed e-con e-parent\" data-id=\"cc402af\" data-element_type=\"container\" data-e-type=\"container\">\n\t\t\t\t\t<div class=\"e-con-inner\">\n\t\t\t\t<div class=\"elementor-element elementor-element-efb54d9 elementor-widget elementor-widget-heading\" data-id=\"efb54d9\" data-element_type=\"widget\" data-e-type=\"widget\" data-widget_type=\"heading.default\">\n\t\t\t\t\t<h2 class=\"elementor-heading-title elementor-size-default\"><strong data-start=\"637\" data-end=\"651\">TESTIMONIO<\/strong><br data-start=\"651\" data-end=\"654\">\nCada uno de nuestros colegas ha aportado con un esp\u00edritu comprometido, capaz de <strong data-start=\"734\" data-end=\"800\">motivar, inspirar y generar entretenimiento para la comunidad.<\/strong><\/h2>\t\t\t\t<\/div>\n\t\t\t\t\t<\/div>\n\t\t\t\t<\/div>\n\t\t<div class=\"elementor-element elementor-element-aee21a1 e-flex e-con-boxed e-con e-parent\" data-id=\"aee21a1\" data-element_type=\"container\" data-e-type=\"container\">\n\t\t\t\t\t<div class=\"e-con-inner\">\n\t\t\t\t<div class=\"elementor-element elementor-element-f048847 elementor-widget-divider--view-line elementor-widget elementor-widget-divider\" data-id=\"f048847\" data-element_type=\"widget\" data-e-type=\"widget\" data-widget_type=\"divider.default\">\n\t\t\t\t\t\t\t<div class=\"elementor-divider\">\n\t\t\t<span class=\"elementor-divider-separator\">\n\t\t\t\t\t\t<\/span>\n\t\t<\/div>\n\t\t\t\t\t\t<\/div>\n\t\t\t\t\t<\/div>\n\t\t\t\t<\/div>\n\t\t<div class=\"elementor-element elementor-element-5dff077 e-flex e-con-boxed e-con e-parent\" data-id=\"5dff077\" data-element_type=\"container\" data-e-type=\"container\">\n\t\t\t\t\t<div class=\"e-con-inner\">\n\t\t\t\t<div class=\"elementor-element elementor-element-e9b437b elementor-widget elementor-widget-text-editor\" data-id=\"e9b437b\" data-element_type=\"widget\" data-e-type=\"widget\" data-widget_type=\"text-editor.default\">\n\t\t\t\t\t\t\t\t\t<h2><em><strong>Daniela Valentina Su\u00e1rez Mero<\/strong><\/em><\/h2><p>Plataforma de administraci\u00f3n y desarrollo de proyectos digitales<\/p><p>Bienvenido al sitio web oficial de Daniela Valentina Su\u00e1rez Mero, espacio digital desde donde se coordinan y administran diferentes proyectos de comunicaci\u00f3n, contenido audiovisual y plataformas digitales orientadas a la informaci\u00f3n, el entretenimiento y la conexi\u00f3n con la comunidad.<\/p><p>A trav\u00e9s de esta plataforma se centraliza la gesti\u00f3n de iniciativas digitales que operan principalmente en redes sociales, permitiendo desarrollar contenido, transmisiones, entrevistas y proyectos audiovisuales que buscan generar interacci\u00f3n y participaci\u00f3n en el entorno digital.<\/p><p>Nuestro objetivo es fortalecer la presencia digital de proyectos comunicacionales y plataformas de contenido que conectan con la audiencia a trav\u00e9s de las nuevas tecnolog\u00edas y medios digitales.<\/p>\t\t\t\t\t\t\t\t<\/div>\n\t\t\t\t\t<\/div>\n\t\t\t\t<\/div>\n\t\t\t\t<\/div>\n\t\t","protected":false},"excerpt":{"rendered":"<p>El entretenimiento ecuatoriano evoluciona con nosotros. Estamos presentes en Facebook, Instagram, WhatsApp y YouTube, conectando con nuestra audiencia en cada plataforma. TESTIMONIO Cada uno de nuestros colegas ha aportado con un esp\u00edritu comprometido, capaz de motivar, inspirar y generar entretenimiento para la comunidad. Daniela Valentina Su\u00e1rez Mero Plataforma de administraci\u00f3n y desarrollo de proyectos digitales &hellip; <\/p>\n<p class=\"link-more\"><a href=\"https:\/\/danielavalentinasuarezmero.com\/\" class=\"more-link\">Continue reading<span class=\"screen-reader-text\"> \u00abInicio\u00bb<\/span><\/a><\/p>\n","protected":false},"author":1,"featured_media":0,"parent":0,"menu_order":0,"comment_status":"closed","ping_status":"closed","template":"elementor_header_footer","meta":{"footnotes":""},"class_list":["post-101","page","type-page","status-publish","hentry"],"_links":{"self":[{"href":"https:\/\/danielavalentinasuarezmero.com\/index.php?rest_route=\/wp\/v2\/pages\/101","targetHints":{"allow":["GET"]}}],"collection":[{"href":"https:\/\/danielavalentinasuarezmero.com\/index.php?rest_route=\/wp\/v2\/pages"}],"about":[{"href":"https:\/\/danielavalentinasuarezmero.com\/index.php?rest_route=\/wp\/v2\/types\/page"}],"author":[{"embeddable":true,"href":"https:\/\/danielavalentinasuarezmero.com\/index.php?rest_route=\/wp\/v2\/users\/1"}],"replies":[{"embeddable":true,"href":"https:\/\/danielavalentinasuarezmero.com\/index.php?rest_route=%2Fwp%2Fv2%2Fcomments&post=101"}],"version-history":[{"count":65,"href":"https:\/\/danielavalentinasuarezmero.com\/index.php?rest_route=\/wp\/v2\/pages\/101\/revisions"}],"predecessor-version":[{"id":297,"href":"https:\/\/danielavalentinasuarezmero.com\/index.php?rest_route=\/wp\/v2\/pages\/101\/revisions\/297"}],"wp:attachment":[{"href":"https:\/\/danielavalentinasuarezmero.com\/index.php?rest_route=%2Fwp%2Fv2%2Fmedia&parent=101"}],"curies":[{"name":"wp","href":"https:\/\/api.w.org\/{rel}","templated":true}]}}