{"id":156,"date":"2026-03-08T00:16:46","date_gmt":"2026-03-07T23:16:46","guid":{"rendered":"https:\/\/danielavalentinasuarezmero.com\/?page_id=156"},"modified":"2026-03-08T02:27:31","modified_gmt":"2026-03-08T01:27:31","slug":"contacto","status":"publish","type":"page","link":"https:\/\/danielavalentinasuarezmero.com\/?page_id=156","title":{"rendered":"Contacto"},"content":{"rendered":"\n<p>Contacto<\/p>\n\n\n\n<p>Si deseas comunicarte con nosotros para consultas, colaboraciones, medios de comunicaci\u00f3n o temas relacionados con nuestros proyectos digitales, puedes hacerlo a trav\u00e9s de los siguientes canales:<\/p>\n\n\n\n<p>Responsable:<br>Daniela Valentina Su\u00e1rez Mero<\/p>\n\n\n\n<p>Correo electr\u00f3nico:<br>contacto@danielavalentinasuarezmero.com<\/p>\n\n\n\n<p>WhatsApp:<br>+593 994469241<\/p>\n\n\n\n<p>Ubicaci\u00f3n:<br>Manta, Manab\u00ed \u2013 Ecuador<\/p>\n\n\n\n<p>Tambi\u00e9n puedes encontrarnos en nuestras plataformas digitales:<\/p>\n\n\n\n<p>Facebook<br>Instagram<br>YouTube<br>TikTok<br>WhatsApp<\/p>\n\n\n\n<p>Nuestro equipo revisa permanentemente los mensajes para brindar atenci\u00f3n y respuesta oportuna.<\/p>\n","protected":false},"excerpt":{"rendered":"<p>Contacto Si deseas comunicarte con nosotros para consultas, colaboraciones, medios de comunicaci\u00f3n o temas relacionados con nuestros proyectos digitales, puedes hacerlo a trav\u00e9s de los siguientes canales: Responsable:Daniela Valentina Su\u00e1rez Mero Correo electr\u00f3nico:contacto@danielavalentinasuarezmero.com WhatsApp:+593 994469241 Ubicaci\u00f3n:Manta, Manab\u00ed \u2013 Ecuador Tambi\u00e9n puedes encontrarnos en nuestras plataformas digitales: FacebookInstagramYouTubeTikTokWhatsApp Nuestro equipo revisa permanentemente los mensajes para brindar &hellip; <\/p>\n<p class=\"link-more\"><a href=\"https:\/\/danielavalentinasuarezmero.com\/?page_id=156\" class=\"more-link\">Continue reading<span class=\"screen-reader-text\"> \u00abContacto\u00bb<\/span><\/a><\/p>\n","protected":false},"author":1,"featured_media":0,"parent":0,"menu_order":0,"comment_status":"closed","ping_status":"closed","template":"","meta":{"footnotes":""},"class_list":["post-156","page","type-page","status-publish","hentry"],"_links":{"self":[{"href":"https:\/\/danielavalentinasuarezmero.com\/index.php?rest_route=\/wp\/v2\/pages\/156","targetHints":{"allow":["GET"]}}],"collection":[{"href":"https:\/\/danielavalentinasuarezmero.com\/index.php?rest_route=\/wp\/v2\/pages"}],"about":[{"href":"https:\/\/danielavalentinasuarezmero.com\/index.php?rest_route=\/wp\/v2\/types\/page"}],"author":[{"embeddable":true,"href":"https:\/\/danielavalentinasuarezmero.com\/index.php?rest_route=\/wp\/v2\/users\/1"}],"replies":[{"embeddable":true,"href":"https:\/\/danielavalentinasuarezmero.com\/index.php?rest_route=%2Fwp%2Fv2%2Fcomments&post=156"}],"version-history":[{"count":2,"href":"https:\/\/danielavalentinasuarezmero.com\/index.php?rest_route=\/wp\/v2\/pages\/156\/revisions"}],"predecessor-version":[{"id":218,"href":"https:\/\/danielavalentinasuarezmero.com\/index.php?rest_route=\/wp\/v2\/pages\/156\/revisions\/218"}],"wp:attachment":[{"href":"https:\/\/danielavalentinasuarezmero.com\/index.php?rest_route=%2Fwp%2Fv2%2Fmedia&parent=156"}],"curies":[{"name":"wp","href":"https:\/\/api.w.org\/{rel}","templated":true}]}}