{"id":163,"date":"2026-03-08T00:18:44","date_gmt":"2026-03-07T23:18:44","guid":{"rendered":"https:\/\/danielavalentinasuarezmero.com\/?page_id=163"},"modified":"2026-03-08T02:33:59","modified_gmt":"2026-03-08T01:33:59","slug":"dominio-propio","status":"publish","type":"page","link":"https:\/\/danielavalentinasuarezmero.com\/?page_id=163","title":{"rendered":"Sobre la empresa"},"content":{"rendered":"\n<p>La presente plataforma digital pertenece a Daniela Valentina Su\u00e1rez Mero, responsable de la administraci\u00f3n y coordinaci\u00f3n de diversos proyectos de comunicaci\u00f3n y contenido digital desarrollados principalmente en entornos de redes sociales y medios en l\u00ednea.<\/p>\n\n\n\n<p>Este sitio web funciona como plataforma institucional, desde donde se centraliza la gesti\u00f3n, organizaci\u00f3n y desarrollo de diferentes iniciativas digitales orientadas a la informaci\u00f3n, el entretenimiento y la interacci\u00f3n con la comunidad.<\/p>\n\n\n\n<p>A trav\u00e9s de esta estructura digital se administran p\u00e1ginas, canales y plataformas de contenido que operan en redes sociales y medios digitales, permitiendo una comunicaci\u00f3n directa con la audiencia y facilitando la difusi\u00f3n de contenidos informativos, sociales y de entretenimiento.<\/p>\n\n\n\n<p>El objetivo principal de estos proyectos es aprovechar las nuevas tecnolog\u00edas de comunicaci\u00f3n para conectar con las personas, promover espacios de di\u00e1logo y difundir contenido relevante para la comunidad.<\/p>\n\n\n\n<p>Las iniciativas digitales vinculadas a esta plataforma tienen presencia en diversas redes sociales y plataformas tecnol\u00f3gicas, entre ellas:<br>\u2022 Facebook<br>\u2022 Instagram<br>\u2022 YouTube<br>\u2022 TikTok<br>\u2022 WhatsApp<\/p>\n\n\n\n<p>Desde estas plataformas se desarrollan transmisiones en vivo, entrevistas, contenido informativo, cobertura de eventos y proyectos audiovisuales orientados a fortalecer la comunicaci\u00f3n digital.<\/p>\n\n\n\n<p>Esta p\u00e1gina web tambi\u00e9n cumple la funci\u00f3n de punto oficial de referencia institucional, permitiendo identificar la titularidad y administraci\u00f3n de los proyectos digitales gestionados por Daniela Valentina Su\u00e1rez Mero.<\/p>\n","protected":false},"excerpt":{"rendered":"<p>La presente plataforma digital pertenece a Daniela Valentina Su\u00e1rez Mero, responsable de la administraci\u00f3n y coordinaci\u00f3n de diversos proyectos de comunicaci\u00f3n y contenido digital desarrollados principalmente en entornos de redes sociales y medios en l\u00ednea. Este sitio web funciona como plataforma institucional, desde donde se centraliza la gesti\u00f3n, organizaci\u00f3n y desarrollo de diferentes iniciativas digitales &hellip; <\/p>\n<p class=\"link-more\"><a href=\"https:\/\/danielavalentinasuarezmero.com\/?page_id=163\" class=\"more-link\">Continue reading<span class=\"screen-reader-text\"> \u00abSobre la empresa\u00bb<\/span><\/a><\/p>\n","protected":false},"author":1,"featured_media":0,"parent":0,"menu_order":0,"comment_status":"closed","ping_status":"closed","template":"","meta":{"footnotes":""},"class_list":["post-163","page","type-page","status-publish","hentry"],"_links":{"self":[{"href":"https:\/\/danielavalentinasuarezmero.com\/index.php?rest_route=\/wp\/v2\/pages\/163","targetHints":{"allow":["GET"]}}],"collection":[{"href":"https:\/\/danielavalentinasuarezmero.com\/index.php?rest_route=\/wp\/v2\/pages"}],"about":[{"href":"https:\/\/danielavalentinasuarezmero.com\/index.php?rest_route=\/wp\/v2\/types\/page"}],"author":[{"embeddable":true,"href":"https:\/\/danielavalentinasuarezmero.com\/index.php?rest_route=\/wp\/v2\/users\/1"}],"replies":[{"embeddable":true,"href":"https:\/\/danielavalentinasuarezmero.com\/index.php?rest_route=%2Fwp%2Fv2%2Fcomments&post=163"}],"version-history":[{"count":3,"href":"https:\/\/danielavalentinasuarezmero.com\/index.php?rest_route=\/wp\/v2\/pages\/163\/revisions"}],"predecessor-version":[{"id":222,"href":"https:\/\/danielavalentinasuarezmero.com\/index.php?rest_route=\/wp\/v2\/pages\/163\/revisions\/222"}],"wp:attachment":[{"href":"https:\/\/danielavalentinasuarezmero.com\/index.php?rest_route=%2Fwp%2Fv2%2Fmedia&parent=163"}],"curies":[{"name":"wp","href":"https:\/\/api.w.org\/{rel}","templated":true}]}}