{"id":165,"date":"2026-03-08T00:19:15","date_gmt":"2026-03-07T23:19:15","guid":{"rendered":"https:\/\/danielavalentinasuarezmero.com\/?page_id=165"},"modified":"2026-03-08T02:35:01","modified_gmt":"2026-03-08T01:35:01","slug":"redes-sociales","status":"publish","type":"page","link":"https:\/\/danielavalentinasuarezmero.com\/?page_id=165","title":{"rendered":"T\u00e9rminos de uso"},"content":{"rendered":"\n<p>El acceso y uso de este sitio web implica la aceptaci\u00f3n de los presentes t\u00e9rminos y condiciones.<\/p>\n\n\n\n<p>El contenido publicado en esta p\u00e1gina web tiene car\u00e1cter informativo y est\u00e1 destinado a presentar los proyectos digitales administrados por Daniela Valentina Su\u00e1rez Mero.<\/p>\n\n\n\n<p>Los usuarios se comprometen a utilizar este sitio web de forma responsable y respetuosa, absteni\u00e9ndose de realizar acciones que puedan afectar su funcionamiento, seguridad o integridad.<\/p>\n\n\n\n<p>Todo el contenido publicado en este sitio, incluyendo textos, im\u00e1genes, logotipos y material audiovisual, pertenece a sus respectivos propietarios y se encuentra protegido por las normas aplicables de propiedad intelectual.<\/p>\n\n\n\n<p>La administraci\u00f3n del sitio se reserva el derecho de modificar, actualizar o eliminar contenido en cualquier momento sin previo aviso.<\/p>\n","protected":false},"excerpt":{"rendered":"<p>El acceso y uso de este sitio web implica la aceptaci\u00f3n de los presentes t\u00e9rminos y condiciones. El contenido publicado en esta p\u00e1gina web tiene car\u00e1cter informativo y est\u00e1 destinado a presentar los proyectos digitales administrados por Daniela Valentina Su\u00e1rez Mero. Los usuarios se comprometen a utilizar este sitio web de forma responsable y respetuosa, &hellip; <\/p>\n<p class=\"link-more\"><a href=\"https:\/\/danielavalentinasuarezmero.com\/?page_id=165\" class=\"more-link\">Continue reading<span class=\"screen-reader-text\"> \u00abT\u00e9rminos de uso\u00bb<\/span><\/a><\/p>\n","protected":false},"author":1,"featured_media":0,"parent":0,"menu_order":0,"comment_status":"closed","ping_status":"closed","template":"","meta":{"footnotes":""},"class_list":["post-165","page","type-page","status-publish","hentry"],"_links":{"self":[{"href":"https:\/\/danielavalentinasuarezmero.com\/index.php?rest_route=\/wp\/v2\/pages\/165","targetHints":{"allow":["GET"]}}],"collection":[{"href":"https:\/\/danielavalentinasuarezmero.com\/index.php?rest_route=\/wp\/v2\/pages"}],"about":[{"href":"https:\/\/danielavalentinasuarezmero.com\/index.php?rest_route=\/wp\/v2\/types\/page"}],"author":[{"embeddable":true,"href":"https:\/\/danielavalentinasuarezmero.com\/index.php?rest_route=\/wp\/v2\/users\/1"}],"replies":[{"embeddable":true,"href":"https:\/\/danielavalentinasuarezmero.com\/index.php?rest_route=%2Fwp%2Fv2%2Fcomments&post=165"}],"version-history":[{"count":2,"href":"https:\/\/danielavalentinasuarezmero.com\/index.php?rest_route=\/wp\/v2\/pages\/165\/revisions"}],"predecessor-version":[{"id":223,"href":"https:\/\/danielavalentinasuarezmero.com\/index.php?rest_route=\/wp\/v2\/pages\/165\/revisions\/223"}],"wp:attachment":[{"href":"https:\/\/danielavalentinasuarezmero.com\/index.php?rest_route=%2Fwp%2Fv2%2Fmedia&parent=165"}],"curies":[{"name":"wp","href":"https:\/\/api.w.org\/{rel}","templated":true}]}}